{"id":9649,"date":"2021-06-28T15:41:29","date_gmt":"2021-06-28T13:41:29","guid":{"rendered":"https:\/\/hartz4-hindernislauf-eu.free.de\/?page_id=9649"},"modified":"2021-07-14T16:51:11","modified_gmt":"2021-07-14T14:51:11","slug":"datenschutzerklaerung-fuer-hartz4-hindernislauf-eu-free-de","status":"publish","type":"page","link":"https:\/\/hartz4-hindernislauf-eu.free.de\/?page_id=9649","title":{"rendered":"Datenschutzerkl\u00e4rung f\u00fcr hartz4-hindernislauf-eu.free.de"},"content":{"rendered":"\n<p>Schutz und Sicherheit von personenbezogenen Daten haben f\u00fcr uns eine hohe Priorit\u00e4t.<\/p>\n\n\n\n<p>Personenbezogene Daten gem\u00e4\u00df Datenschutz-Grundverordnung sind alle Daten, die rein theoretisch geeignet sein k\u00f6nnen, R\u00fcckschl\u00fcsse auf eine lebende nat\u00fcrliche Person zu erm\u00f6glichen. Hierbei ist im digitalen Zeitalter zu ber\u00fccksichtigen, dass es m\u00f6glich ist, einzelne scheinbar anonyme Daten aus verschiedenen Quellen zu b\u00fcndeln und so ein Profil zu erstellen, das die betreffende Person identifizierbar macht. Wenn ich im Folgenden von &#8220;personenbezogenen Daten&#8221; spreche, verwende ich den Begriff in diesem Sinne.<\/p>\n\n\n\n<p>Ich verfahre gem\u00e4\u00df den Anforderungen der DSGVO und erg\u00e4nzender deutscher Gesetze und stelle hiermit sicher, dass die Grundrechte und Grundfreiheiten der Besucherinnen und Besucher unserer Website bei der Verarbeitung personenbezogener Daten gesch\u00fctzt sind. An dieser Stelle m\u00f6chte ich Sie dar\u00fcber informieren, welche Art von Daten \u00fcber die Website erfasst werden, zu welchem Zweck und wie sie verarbeitet und gespeichert werden.<\/p>\n\n\n\n<h3 class=\"wp-block-heading\"><span class=\"ez-toc-section\" id=\"1_Verantwortlicher\"><\/span>1. Verantwortlicher<span class=\"ez-toc-section-end\"><\/span><\/h3>\n\n\n\n<p>Diese Datenschutzerkl\u00e4rung gilt f\u00fcr die Datenverarbeitung auf der Webseite hartz4-hindernislauf-eu.free.de. Verantwortlicher im Sinne der Datenschutz-Grundverordnung, sonstiger in den Mitgliedstaaten der Europ\u00e4ischen Union geltenden Datenschutzgesetze und anderer Bestimmungen mit datenschutzrechtlichem Charakter ist<\/p>\n\n\n\n<p>Helmut Szymanski<br>c\/o Sozialforum Dortmund<br>Huckarder Str. 10-12<br>44147 Dortmund<br>E-Mail: sofodo-postfach@free.de<\/p>\n\n\n\n<p>Bei Fragen zu meiner Datenschutzerkl\u00e4rung und zum Umgang mit Ihren Daten wenden Sie sich bitte an diese Adresse.<\/p>\n\n\n\n<h3 class=\"wp-block-heading\"><span class=\"ez-toc-section\" id=\"2_Erfassung_Verarbeitung_und_Speicherung_personenbezogener_Daten\"><\/span>2. Erfassung, Verarbeitung und Speicherung personenbezogener Daten<span class=\"ez-toc-section-end\"><\/span><\/h3>\n\n\n\n<p><strong>Datenerfassung durch Aufrufen dieser Website<\/strong><\/p>\n\n\n\n<p>Wenn Sie Seiten meiner Website aufrufen und diese in Ihrem Browser angezeigt werden, werden keine personen-bezogenen Daten ermittelt. Es werden keine Cookies auf Ihrer Festplatte hinterlegt und ich verwende keine Scripte, die Ihr Nutzerverhalten erfassen und auswerten.<\/p>\n\n\n\n<p><strong>Datenerfassung durch eigenaktive Nutzung meiner Kontaktangebote<\/strong><\/p>\n\n\n\n<p>Personenbezogene Daten werden nur dann erfasst, wenn Sie freiwillig und eigenaktiv mein Kontaktangebot nutzen.<\/p>\n\n\n\n<p>Wenn Sie mich anrufen, mir einen Brief oder eine E-Mail senden, werden die in diesem Prozess von Ihnen \u00fcbermittelten Daten, z.B. Name, Rufnummer, Anschrift, Mailadresse u. \u00e4., erfasst, verarbeitet und gespeichert, soweit dies anlassbezogen und zweckgebunden notwendig ist.<\/p>\n\n\n\n<p>Zur \u00dcbermittlung von sehr sensiblen Daten oder Informationen rate ich dringend, den Postweg zu nutzen, da eine vollst\u00e4ndige Datensicherheit bei einer \u00dcbertragung \u00fcber das Internet nicht gew\u00e4hrleistet werden kann.<\/p>\n\n\n\n<p><strong>Speicherung und Sicherung Ihrer Daten<\/strong><\/p>\n\n\n\n<p>Ihre \u00fcbermittelten personenbezogenen Daten werden solange gespeichert, wie dies zweck- und anlassbezogen notwendig ist bzw. soweit gesetzliche Vorschriften dies erfordern. Ihre personenbezogenen Daten sind durch Anwendung technischer sowie organisatorischer Ma\u00dfnahmen so gesichert, dass sie f\u00fcr den Zugriff unberechtigter Dritter unzug\u00e4nglich sind. Ihre Daten werden selbstverst\u00e4ndlich nicht an Dritte weitergegeben.<\/p>\n\n\n\n<p><strong>Verweise auf Homepages Dritter<\/strong><\/p>\n\n\n\n<p>Ich stelle auf meiner Website zur Erg\u00e4nzung und Vertiefung unseres Informationsangebotes Links zu Internet-pr\u00e4senzen Dritter ein. Hier gilt: Wenn Sie eine von mir verlinkte externe Homepage aufrufen, verlassen Sie meine Website und es gilt die Datenschutzerkl\u00e4rung der jeweils aufgerufenen Homepage.<\/p>\n\n\n\n<h3 class=\"wp-block-heading\"><span class=\"ez-toc-section\" id=\"3_Ihre_Rechte\"><\/span>3. Ihre Rechte<span class=\"ez-toc-section-end\"><\/span><\/h3>\n\n\n\n<p>Sie haben das Recht,<\/p>\n\n\n\n<ul><li>eine erteilte Einwilligung jederzeit zu widerrufen (Artikel 7 Abs. 3 DSGVO);<\/li><li>jederzeit Auskunft \u00fcber Ihre von mir gespeicherten personenbezogenen Daten (z. B. Verarbeitungszweck, Daten-Kategorien, Daten-Empf\u00e4nger, Speicherdauer, Herkunft ihrer Daten) zu verlangen (Artikel 15 DSGVO);<\/li><li>Ihre \u00fcbermittelten personenbezogenen Daten in einem strukturierten, g\u00e4ngigen und maschinenlesbaren Format zu erhalten oder die \u00dcbermittlung an einen anderen Verantwortlichen zu verlangen (Artikel 20 DSGVO);<\/li><li>unverz\u00fcglich die Berichtigung oder Vervollst\u00e4ndigung Ihrer bei mir gespeicherten personenbezogenen Daten zu verlangen (Artikel 16 DSGVO);<\/li><li>jederzeit und ohne Begr\u00fcndung die L\u00f6schung Ihrer bei mir gespeicherten personenbezogenen Daten zu verlangen, soweit nicht die Speicherung zur Erf\u00fcllung einer rechtlichen Verpflichtung oder zur Geltendmachung, Aus\u00fcbung oder Verteidigung von Rechts-anspr\u00fcchen erforderlich ist (Artikel 17 DSGVO);<\/li><li>die Einschr\u00e4nkung der Verarbeitung Ihrer personenbezogenen Daten zu verlangen, soweit die Richtigkeit der Daten von Ihnen bestritten wird, die Verarbeitung unrechtm\u00e4\u00dfig ist, Sie aber deren L\u00f6schung ablehnen, Sie jedoch diese zur Geltendmachung, Aus\u00fcbung oder Verteidigung von Rechtsanspr\u00fcchen ben\u00f6tigen oder Sie gem\u00e4\u00df Artikel 21 DSGVO Widerspruch gegen die Verarbeitung eingelegt haben (Artikel 18 DSGVO).<\/li><\/ul>\n\n\n\n<p>M\u00f6chten Sie von Ihren Rechten Gebrauch machen, teilen Sie mir Ihr Verlangen bitte schriftlich mit an&nbsp;<a href=\"mailto:sofodo-postfach@free.de\">sofodo-postfach@free.de<\/a>.<\/p>\n\n\n\n<p>Sie haben das Recht, bei einer Aufsichtsbeh\u00f6rde eine Beschwerde gegen die Verarbeitung Ihrer personenbezogenen Daten einzulegen. Dies kann das Landesamt f\u00fcr Datenschutz des Bundeslandes Ihres Wohn- oder Firmensitzes oder das Landesamt f\u00fcr Datenschutz NRW, zust\u00e4ndig f\u00fcr meinen Wohnsitz, sein (Artikel 77 DSGVO).<\/p>\n\n\n\n<h3 class=\"wp-block-heading\"><span class=\"ez-toc-section\" id=\"4_Ihr_Widerspruchsrecht_nach_Artikel_21_DSGVO\"><\/span>4. Ihr Widerspruchsrecht nach Artikel 21 DSGVO<span class=\"ez-toc-section-end\"><\/span><\/h3>\n\n\n\n<p>Sie haben das Recht, aus Gr\u00fcnden, die sich aus Ihrer besonderen Situation ergeben, jederzeit gegen die Verarbeitung Ihrer personenbezogenen Daten, die aufgrund eines \u00f6ffentlichen Interesses (Artikel 6 Abs. 1 S. 1 lit. e DSGVO) oder auf Grundlage einer Interessenabw\u00e4gung (Artikel 6 Abs. 1 S. 1 lit. f DSGVO) erfolgt, Widerspruch einzulegen. Nach Ihrem Widerspruch werde ich Ihre personenbezogenen Daten nicht mehr verarbeiten, soweit keine zwingenden schutzw\u00fcrdigen Gr\u00fcnde f\u00fcr die Verarbeitung vorliegen, die Ihre Interessen, Rechte und Freiheiten \u00fcberwiegen, oder die Verarbeitung der Geltendmachung, Aus\u00fcbung oder Verteidigung von Rechtsanspr\u00fcchen dient (Artikel 21 DSGVO).<\/p>\n\n\n\n<p>Im Falles eines Widerspruch werde ich Ihre personenbezogenen Daten f\u00fcr die Zukunft nicht mehr verarbeiten, es sei denn, es liegen zwingende schutzw\u00fcrdige Gr\u00fcnde f\u00fcr die Verarbeitung vor, die Ihre Interessen, Rechte und Freiheiten \u00fcberwiegen, oder die Verarbeitung dient der Geltendmachung, Aus\u00fcbung oder Verteidigung von Rechtsanspr\u00fcchen.<\/p>\n\n\n\n<p>M\u00f6chten Sie von Ihrem Widerspruchsrecht Gebrauch machen, teilen Sie mir dies bitte schriftlich mit an&nbsp;<a href=\"mailto:sofodo-postfach@free.de\">sofodo-postfach@free.de<\/a>.<\/p>\n\n\n\n<h3 class=\"wp-block-heading\"><span class=\"ez-toc-section\" id=\"5_Datenprotokollierung_auf_dem_Web-Server\"><\/span>5. Datenprotokollierung auf dem Web-Server<span class=\"ez-toc-section-end\"><\/span><\/h3>\n\n\n\n<p>Beim Abrufen einer Seite meiner Website verzeichnet der Web-Server automatisch technische Daten. Diese Daten sind nicht personalisiert. Diese Daten beinhalten z. B.<\/p>\n\n\n\n<ul><li>die Bezeichnung Ihres Browsers (Name und Version)<\/li><li>das Betriebssystem Ihres Rechners<\/li><li>die Referrer URL<br>(Dies ist die Internetadresse der von Ihnen zuvor besuchten Seite, falls Sie dort \u00fcber das Anklicken eines Links auf meine Homepage gewechselt sind.)<\/li><li>die IP-Adresse Ihres Rechners<\/li><li>das Zugriffsdatum und die Zugriffsuhrzeit der Serveranfrage<\/li><li>die Dateianfrage des Client<br>(Dies betrifft die auf dem Webserver gespeicherte Datei, welche den Inhalt der Internetseite enth\u00e4lt, die Sie abgerufen haben. Erfasst werden der Name und die Internetadresse dieser Datei.)<\/li><\/ul>\n\n\n\n<p>Diese Daten werden anonymisiert zu statistischen Zwecken ausgewertet. Diese Statistiken sind vor unbefugten Zugriffen gesch\u00fctzt.<\/p>\n\n\n\n<p>Bez\u00fcge zu einer nat\u00fcrlichen Person werden grunds\u00e4tzlich nicht ermittelt. Eine Weitergabe der Daten und der Statistik an Dritte, zu kommerziellen oder nichtkommerziellen Zwecken, findet nicht statt.<\/p>\n\n\n\n<h3 class=\"wp-block-heading\"><span class=\"ez-toc-section\" id=\"6_Cookies\"><\/span>6. Cookies<span class=\"ez-toc-section-end\"><\/span><\/h3>\n\n\n\n<p>Es werden nur WordPress inh\u00e4rente Cookies (keine externen) verwendet.<\/p>\n\n\n\n<h3 class=\"wp-block-heading\"><span class=\"ez-toc-section\" id=\"7_Einbindung_von_Diensten_Dritter\"><\/span>7. Einbindung von Diensten Dritter<span class=\"ez-toc-section-end\"><\/span><\/h3>\n\n\n\n<p>Es sind keine Online-Dienste von Drittanbietern eingebunden.<\/p>\n\n\n\n<h3 class=\"wp-block-heading\"><span class=\"ez-toc-section\" id=\"8_Aktualisierung_dieser_Datenschutzerklaerung\"><\/span>8. Aktualisierung dieser Datenschutzerkl\u00e4rung<span class=\"ez-toc-section-end\"><\/span><\/h3>\n\n\n\n<p>Ich werde diese Datenschutzerkl\u00e4rung &#8211; soweit erforderlich &#8211; aktualisieren. Ich empfehle daher, in gewissen Abst\u00e4nden meine Datenschutzerkl\u00e4rung erneut zu lesen. Auf grundlegende \u00c4nderungen werde ich explizit hinweisen.<\/p>\n\n\n\n<p>Stand Juli 2021<br>Helmut Szymanski<\/p>\n<div id=\"ez-toc-container\" class=\"ez-toc-v2_0_65 counter-hierarchy ez-toc-counter ez-toc-transparent ez-toc-container-direction\">\n<p class=\"ez-toc-title\">Inhalte dieser Seite :<\/p>\n<label for=\"ez-toc-cssicon-toggle-item-69fdd1afae6a5\" class=\"ez-toc-cssicon-toggle-label\"><span class=\"\"><span class=\"eztoc-hide\" style=\"display:none;\">Toggle<\/span><span class=\"ez-toc-icon-toggle-span\"><svg style=\"fill: #999;color:#999\" xmlns=\"http:\/\/www.w3.org\/2000\/svg\" class=\"list-377408\" width=\"20px\" height=\"20px\" viewBox=\"0 0 24 24\" fill=\"none\"><path d=\"M6 6H4v2h2V6zm14 0H8v2h12V6zM4 11h2v2H4v-2zm16 0H8v2h12v-2zM4 16h2v2H4v-2zm16 0H8v2h12v-2z\" fill=\"currentColor\"><\/path><\/svg><svg style=\"fill: #999;color:#999\" class=\"arrow-unsorted-368013\" xmlns=\"http:\/\/www.w3.org\/2000\/svg\" width=\"10px\" height=\"10px\" viewBox=\"0 0 24 24\" version=\"1.2\" baseProfile=\"tiny\"><path d=\"M18.2 9.3l-6.2-6.3-6.2 6.3c-.2.2-.3.4-.3.7s.1.5.3.7c.2.2.4.3.7.3h11c.3 0 .5-.1.7-.3.2-.2.3-.5.3-.7s-.1-.5-.3-.7zM5.8 14.7l6.2 6.3 6.2-6.3c.2-.2.3-.5.3-.7s-.1-.5-.3-.7c-.2-.2-.4-.3-.7-.3h-11c-.3 0-.5.1-.7.3-.2.2-.3.5-.3.7s.1.5.3.7z\"\/><\/svg><\/span><\/span><\/label><input type=\"checkbox\"  id=\"ez-toc-cssicon-toggle-item-69fdd1afae6a5\" checked aria-label=\"Toggle\" \/><nav><ul class='ez-toc-list ez-toc-list-level-1 ' ><li class='ez-toc-page-1 ez-toc-heading-level-3'><a class=\"ez-toc-link ez-toc-heading-1\" href=\"https:\/\/hartz4-hindernislauf-eu.free.de\/?page_id=9649\/#1_Verantwortlicher\" title=\"1. Verantwortlicher\">1. Verantwortlicher<\/a><\/li><li class='ez-toc-page-1 ez-toc-heading-level-3'><a class=\"ez-toc-link ez-toc-heading-2\" href=\"https:\/\/hartz4-hindernislauf-eu.free.de\/?page_id=9649\/#2_Erfassung_Verarbeitung_und_Speicherung_personenbezogener_Daten\" title=\"2. Erfassung, Verarbeitung und Speicherung personenbezogener Daten\">2. Erfassung, Verarbeitung und Speicherung personenbezogener Daten<\/a><\/li><li class='ez-toc-page-1 ez-toc-heading-level-3'><a class=\"ez-toc-link ez-toc-heading-3\" href=\"https:\/\/hartz4-hindernislauf-eu.free.de\/?page_id=9649\/#3_Ihre_Rechte\" title=\"3. Ihre Rechte\">3. Ihre Rechte<\/a><\/li><li class='ez-toc-page-1 ez-toc-heading-level-3'><a class=\"ez-toc-link ez-toc-heading-4\" href=\"https:\/\/hartz4-hindernislauf-eu.free.de\/?page_id=9649\/#4_Ihr_Widerspruchsrecht_nach_Artikel_21_DSGVO\" title=\"4. Ihr Widerspruchsrecht nach Artikel 21 DSGVO\">4. Ihr Widerspruchsrecht nach Artikel 21 DSGVO<\/a><\/li><li class='ez-toc-page-1 ez-toc-heading-level-3'><a class=\"ez-toc-link ez-toc-heading-5\" href=\"https:\/\/hartz4-hindernislauf-eu.free.de\/?page_id=9649\/#5_Datenprotokollierung_auf_dem_Web-Server\" title=\"5. Datenprotokollierung auf dem Web-Server\">5. Datenprotokollierung auf dem Web-Server<\/a><\/li><li class='ez-toc-page-1 ez-toc-heading-level-3'><a class=\"ez-toc-link ez-toc-heading-6\" href=\"https:\/\/hartz4-hindernislauf-eu.free.de\/?page_id=9649\/#6_Cookies\" title=\"6. Cookies\">6. Cookies<\/a><\/li><li class='ez-toc-page-1 ez-toc-heading-level-3'><a class=\"ez-toc-link ez-toc-heading-7\" href=\"https:\/\/hartz4-hindernislauf-eu.free.de\/?page_id=9649\/#7_Einbindung_von_Diensten_Dritter\" title=\"7. Einbindung von Diensten Dritter\">7. Einbindung von Diensten Dritter<\/a><\/li><li class='ez-toc-page-1 ez-toc-heading-level-3'><a class=\"ez-toc-link ez-toc-heading-8\" href=\"https:\/\/hartz4-hindernislauf-eu.free.de\/?page_id=9649\/#8_Aktualisierung_dieser_Datenschutzerklaerung\" title=\"8. Aktualisierung dieser Datenschutzerkl\u00e4rung\">8. Aktualisierung dieser Datenschutzerkl\u00e4rung<\/a><\/li><\/ul><\/nav><\/div>\n","protected":false},"excerpt":{"rendered":"<p>Schutz und Sicherheit von personenbezogenen Daten haben f\u00fcr uns eine hohe Priorit\u00e4t. Personenbezogene Daten gem\u00e4\u00df Datenschutz-Grundverordnung sind alle Daten, die rein theoretisch geeignet sein k\u00f6nnen, R\u00fcckschl\u00fcsse auf eine lebende nat\u00fcrliche Person zu erm\u00f6glichen. Hierbei ist im digitalen Zeitalter zu ber\u00fccksichtigen, dass es m\u00f6glich ist, einzelne scheinbar anonyme Daten aus verschiedenen Quellen zu b\u00fcndeln und so&hellip; <a class=\"more-link\" href=\"https:\/\/hartz4-hindernislauf-eu.free.de\/?page_id=9649\"><span class=\"screen-reader-text\">Datenschutzerkl\u00e4rung f\u00fcr hartz4-hindernislauf-eu.free.de<\/span> weiterlesen<\/a><\/p>\n","protected":false},"author":52,"featured_media":0,"parent":0,"menu_order":0,"comment_status":"closed","ping_status":"closed","template":"","meta":{"footnotes":""},"_links":{"self":[{"href":"https:\/\/hartz4-hindernislauf-eu.free.de\/index.php?rest_route=\/wp\/v2\/pages\/9649"}],"collection":[{"href":"https:\/\/hartz4-hindernislauf-eu.free.de\/index.php?rest_route=\/wp\/v2\/pages"}],"about":[{"href":"https:\/\/hartz4-hindernislauf-eu.free.de\/index.php?rest_route=\/wp\/v2\/types\/page"}],"author":[{"embeddable":true,"href":"https:\/\/hartz4-hindernislauf-eu.free.de\/index.php?rest_route=\/wp\/v2\/users\/52"}],"replies":[{"embeddable":true,"href":"https:\/\/hartz4-hindernislauf-eu.free.de\/index.php?rest_route=%2Fwp%2Fv2%2Fcomments&post=9649"}],"version-history":[{"count":5,"href":"https:\/\/hartz4-hindernislauf-eu.free.de\/index.php?rest_route=\/wp\/v2\/pages\/9649\/revisions"}],"predecessor-version":[{"id":9770,"href":"https:\/\/hartz4-hindernislauf-eu.free.de\/index.php?rest_route=\/wp\/v2\/pages\/9649\/revisions\/9770"}],"wp:attachment":[{"href":"https:\/\/hartz4-hindernislauf-eu.free.de\/index.php?rest_route=%2Fwp%2Fv2%2Fmedia&parent=9649"}],"curies":[{"name":"wp","href":"https:\/\/api.w.org\/{rel}","templated":true}]}}