{"id":9242,"date":"2021-06-14T13:00:38","date_gmt":"2021-06-14T11:00:38","guid":{"rendered":"https:\/\/hartz4-hindernislauf-eu.free.de\/?page_id=9242"},"modified":"2023-03-20T18:39:14","modified_gmt":"2023-03-20T17:39:14","slug":"mehr-zum-spiel","status":"publish","type":"page","link":"https:\/\/hartz4-hindernislauf-eu.free.de\/?page_id=9242","title":{"rendered":"Mehr zum Spiel"},"content":{"rendered":"\n<div class=\"wp-block-docxpresso-cut-paste-plugin\"><style>\n.docxpressoPlugin {\n\tfont-size: 83.35%;\n}\n\n.h5p_layout {\n    box-sizing: content-box !important;\n}\n\n.h5p_layout *{\n    float: none;\n    text-align: initial;\n\tbox-sizing: border-box;\n}\n\/*to make sure that floating elements are always inside the document bounds*\/\n.h5p_layout:after {\n    content: \" \";\n    display: block;\n    height: 0;\n    clear: both;\n    visibility: hidden;\n}\n\/* a default layout for documents without maste styles *\/\n.h5p_default_layout {\n    margin-top: 3.6rem;\n    margin-left: 8.50464rem;\n    margin-bottom: 3.6rem;\n    margin-right: 8.50464rem;\n    writing-mode: lr-tb;\n}\n\/*hack for IE *\/\nwbr:after { content: \"\\00200B\"; }\n\n\/*hack to get some extra top margin for anchors if needed*\/\n.h5p_layout span[id^=\"_Toc\"]{\n    padding-top: 10px;\n    margin-top: -10px;\n}\n\n\/* Remove unwanted numbering styles *\/\n.h5p_layout .removeNumbering:before{\n    content: initial !important;\n    display: none;\n    all: initial !important;\n}\n\n\/* give zero default top and bottom paddings for paragraphs*\/\n.h5p_layout p {\n    color: #000000;\n    line-height: 1;\n    margin-top: 0;\n    margin-bottom: 0;\n}\n.h5p_layout span {\n    color: #000000;\n    font-weight: normal;\n}\n.h5p_layout span.dropcap {\n    color: inherit;\n    font-family: inherit !important;\n}\n.h5p_layout h1, .h5p_layout h2, .h5p_layout h3, .h5p_layout h4, .h5p_layout h5, .h5p_layout h6 {\n    margin-top: 0;\n    margin-bottom: 0;    \n\tfont-family: inherit;\n    font-weight: 500;\n    line-height: 1;\n    color: inherit;\n}\n\/* give zero default top and bottom paddings for paragraphs in tables*\/\n.h5p_layout table p {\n    margin-top: 0;\n    margin-bottom: 0;\n}\n\n.h5p_layout ul, .h5p_layout ol {\n\tlist-style-type: none;\n    margin-top: 0;\n    margin-bottom: 0.5em;\n    padding-left: 0;\n}\n\n.h5p_layout ul li, .h5p_layout ol li {\n    list-style-type: none;\n    margin-top: 0;\n    margin-bottom: 0.5em;\n    \n}\n.h5p_layout li p {\n    margin-top: 0;\n    margin-bottom: 0;\n}\n.h5p_layout table {\n    border: none;\n}\n.h5p_layout td {\n    vertical-align: top;\n    border: none;\n}\n.h5p_layout th {\n    vertical-align: top;\n    border: none;\n}\n.h5p_layout div {\n    margin-bottom: 10pt;\n}\n\n.h5p_layout img {\n    margin: 0;\n    padding: 0;\n}\n\n.h5p_layout ul ul {\n    margin-top: 0;\n    margin-bottom: 0;\n}\n\n.h5p_layout li {\n    margin-top: 0;\n    margin-bottom: 0;\n    list-style-type: none !important;\n}\n\n.h5p_layout ul, .h5p_layout ol {\n    list-style-type: none !important;\n}\n\n.h5p_layout td[data-sorting] p:before, .h5p_layout th[data-sorting] p:before {\n    content: ' ';\n    padding-right: 16px;\n    background: url(data:image\/png;base64,iVBORw0KGgoAAAANSUhEUgAAAAsAAAALAQMAAACTYuVlAAAAA3NCSVQICAjb4U\/gAAAABlBMVEUjLTD\/\/\/\/tm\/tRAAAACXBIWXMAAAsSAAALEgHS3X78AAAAFnRFWHRDcmVhdGlvbiBUaW1lADAyLzEwLzE2RFpLjQAAACB0RVh0U29mdHdhcmUATWFjcm9tZWRpYSBGaXJld29ya3MgTVi7kSokAAAAI0lEQVR4nGP4\/4Dh9wOGjw8YHjxgOJDA8B9MPgCLAMX\/PwAANZUStiyS6NsAAAAASUVORK5CYII=);\n    background-position: left center;\n    background-repeat: no-repeat;\n}\n\n.sortDecorator {\n    border-bottom: 3px solid #b70000 !important;\n}\n\n\/* This is a spacial class designed to remove unwanted bullets when a li has\nul as its first child*\/\n.h5p_layout .removeBullet:before {\n    content: none !important;\n}\n\n\/*responsive tables*\/\n.h5p_layout div.dxoResponsiveTable{\n    margin: 0 !important;\n    padding: 0 !important;\n    overflow-x: auto !important;\n\toverflow-y: hidden;\n}\n\n\/* chart tooltips *\/\n.c3-tooltip-container td.name {\n    white-space: nowrap;\n}\n\n\/* External services*\/\n.h5p_layout iframe {\n    resize: vertical;\n    border: 1px solid #fff;\n}\n\n.h5p_layout div.youtube {\n    position:relative;\n    padding-bottom:56.25%;\n    height:0;\n    overflow:hidden;\n    background-color: transparent;\n}\n\n.h5p_layout div.youtube iframe {\n    resize: none;\n    position:absolute;\n    top:0;\n    left:0;\n    width:100%;\n    height:100%;\n}\n\n\n div#h5p_69f8a5d000e45 p.P1 {margin-top: 0cm !important;margin-bottom: 0.199cm !important;font-size: 12pt;}\n div#h5p_69f8a5d000e45 p.P1 span {font-family: Arial;font-size: 11pt;}\n div#h5p_69f8a5d000e45 p.P2 {margin-top: 0cm !important;margin-bottom: 0.199cm !important;font-size: 12pt;}\n div#h5p_69f8a5d000e45 p.P2 span {font-family: Arial;font-size: 11pt;font-style: normal;}\n div#h5p_69f8a5d000e45 p.Standard {font-size: 12pt;}\n div#h5p_69f8a5d000e45 p.Heading {margin-top: 0.423cm !important;margin-bottom: 0.212cm !important;keep-with-next: always !important;font-size: 12pt;}\n div#h5p_69f8a5d000e45 p.Heading span {font-family: Arial;font-size: 14pt;}\n div#h5p_69f8a5d000e45 p.Text_20_body {margin-top: 0cm !important;margin-bottom: 0.212cm !important;font-size: 12pt;}\n div#h5p_69f8a5d000e45 p.List {margin-top: 0cm !important;margin-bottom: 0.212cm !important;font-size: 12pt;}\n div#h5p_69f8a5d000e45 p.List span {font-size: 12pt;}\n div#h5p_69f8a5d000e45 p.Caption {margin-top: 0.212cm !important;margin-bottom: 0.212cm !important;font-size: 12pt;}\n div#h5p_69f8a5d000e45 p.Caption span {font-size: 12pt;font-style: italic;}\n div#h5p_69f8a5d000e45 p.Index {font-size: 12pt;}\n div#h5p_69f8a5d000e45 p.Index span {font-size: 12pt;}\n div#h5p_69f8a5d000e45 div {font-size: 12pt;}\n div#h5p_69f8a5d000e45 p {hyphenation-ladder-count: no-limit;writing-mode: page;font-size: 12pt;}\n div#h5p_69f8a5d000e45 p span {font-family: Times New Roman;font-size: 12pt;language: de;country: DE;hyphenate: false;hyphenation-remain-char-count: 2;hyphenation-push-char-count: 2;}\n div#h5p_69f8a5d000e45 table {border-collapse: collapse;font-size: 12pt;}\n div#h5p_69f8a5d000e45 table tr {keep-together: auto;font-size: 12pt;}\n\n<\/style>\n<div id=\"h5p_69f8a5d000e45\"><section id=\"section_0\" class=\"h5p_layout h5p_page h5p_page_Mpm1\"><div class=\"Mpm1\"><p class=\"P1\"><span>Mehr zum Spiel<\/span><\/p><p class=\"P1\">&nbsp;<\/p><p class=\"P1\"><span>Wir haben diesen virtuellen Parcours im Fr\u00fchjahr 2021 entlang der Anweisungen in der \u201eArbeits\u00adhilfe\u201c entwickelt. Am besten stellen Sie sich das Spiel als einen H\u00fcrdenlauf vor. Sie erfahren durch praktisches Ausprobieren, wie Leistungsausschl\u00fcsse im Sozialrecht funktionieren. Und Sie lernen, was f\u00fcr Hindernisse Antragstellern in den Weg gelegt werden, wo Fallstricke lauern (und wie Sie diese vermeiden).<\/span><\/p><p class=\"P2\"><span>Das Spiel dient dazu, diese Zust\u00e4nde \u00fcber den Kreis der unmittelbar im Beratungsbereich T\u00e4tigen hinaus bekannt zu machen. Denn viele Menschen m\u00f6gen keine langen Abhandlungen. Und erst recht ist es niemandem zuzumuten, obgleich sehr lehrreich, die ganzen 30 Seiten besagter \u201eArbeits\u00adhilfe\u201c durchzuarbeiten.<\/span><\/p><p class=\"P2\"><span>Entwickelt wurde das Spiel von Mitgliedern des Dortmunder Sozialforums, bei der technischen Umsetzung tatkr\u00e4ftig unterst\u00fctzt von einigen Kollegen aus Bochum.<\/span><\/p><p class=\"P2\"><span>Idee und Konzept stammen von Helmut Szymanski. Szymanski ist Sozialarbeiter und Dozent f\u00fcr Sozialrecht, Jahrgang 1953. In der sozialen Beratung t\u00e4tig seit 1975, ab 1990 zudem Lehrbeauf\u00adtragter f\u00fcr Sozialrecht an der FH Dortmund, Fachbereich Soziale Arbeit, und Fortbildungsangebote im Sozial- und Arbeitslosenrecht f\u00fcr Mitarbeitende in der sozialen Beratung. Seit 2004 Referent f\u00fcr Arbeitslosen- und Sozialrecht an der Sozialakademie Kommende in Dortmund. Webinare, Online-Schulungen und Inhouse-Seminare in sozialen Einrichtungen und Beratungsstellen.<\/span><\/p><p class=\"P2\"><span>Das Spiel wurde von uns zuletzt Anfang 2023 aktualisiert (Hartz IV hei\u00dft jetzt \u201eB\u00fcrgergeld\u201c).<\/span><\/p><\/div><\/section><script>(function( $ ) {\n    \/\/footnotes\n    $('.defaultNote').children(\":first\").css('cursor', 'pointer');\n    $('.defaultNote').children(\":first\").click(function(){\n        var gotoID = '#' + $(this).parent().attr('id');\n        $('html, body').animate(\n            {\n              scrollTop: $('a[href=\"' + gotoID + '\"]').offset().top - 60,\n            },\n            250,\n            'linear'\n          )\n    });\n}(jQuery));\n\n\n<\/script><script>\nvar numFormat = \",.\";\n(function( $ ) {\n    \"use strict\";\n    \/\/do some cleaning on load\n    var sortCells = $('td[data-sorting], th[data-sorting]');\n    sortCells.each(function(){\n        var first = $(this).text().trim().charAt(0);\n        if (first == '@'){\n            var oldHTML = $(this).html();\n            var newHTML = oldHTML.replace('@', '');\n            $(this).html(newHTML);\n        } \n    });\n    function sortingTable(node, pos, ordBy){\n        var rows = node.children('tbody').children('tr').get();\n\n        rows.sort(function(a, b) {\n\n        var X = $(a).children('td').eq(pos).text().toUpperCase();\n        var Y = $(b).children('td').eq(pos).text().toUpperCase();\n        \n        if (numFormat != '.,'){\n            \/\/we are dealing with a different locale and we need to do some \n            \/\/transformation in numbers\n            X = convert2number(X);\n            Y = convert2number(Y);\n        } else {\n            X = X.replace(\/,\/g, '').replace(\/ \/g, '');\n            Y = Y.replace(\/,\/g, '').replace(\/ \/g, '');\n        }\n        var currencies = ['$', '\u00a5', '\u00a3', '\u20ac'];\n        var arrayLength = currencies.length;\n        var XX = X;\n        var YY = Y;\n        for (var i = 0; i < arrayLength; i++) {\n            XX = XX.replace(currencies[i], '');\n            YY = YY.replace(currencies[i], '');\n        }\n        if (!isNaN(XX) && !isNaN(YY)){\n            var floatXX = parseFloat(XX);\n            var floatYY = parseFloat(YY);\n            return -(floatYY-floatXX) * ordBy;\n        } else if (!isNaN(XX) && isNaN(YY)){\n            return -1 * ordBy;\n        } else if (isNaN(XX) && !isNaN(YY)){\n            return ordBy;\n        } else {\n            if(X < Y) {\n                return -1 * ordBy;\n            }\n            if(X > Y) {\n                return 1 * ordBy;\n            }\n            return 0;\n        }\n      });\n\n      $.each(rows, function(index, row) {\n        node.children('tbody').append(row);\n      });\n    }\n    \n    function removeTableCellDecoration() {\n        $(\"td[data-sorting], th[data-sorting]\").removeClass('sortDecorator');    \n    }\n    \n    \/\/unbind the click event just in case we are loading more than one document\n    $(\"td[data-sorting], th[data-sorting]\").off('click');\n    $(\"td[data-sorting], th[data-sorting]\").click(function(){\n        removeTableCellDecoration();\n        $(this).addClass('sortDecorator');\n        \/\/get desired ordering\n        var ordering = $(this).attr('data-sortOrdering');\n        if (ordering == 'ASC'){\n            var ordBy = -1;\n            $(this).attr('data-sortOrdering', 'DESC');\n        } else {\n            var ordBy = 1;\n            $(this).attr('data-sortOrdering', 'ASC');\n        }\n        var cellPosition = $(this).prevAll().length;\n        var table = $(this).parents('table:first');\n        sortingTable(table, cellPosition, ordBy);\n    });  \n    \n    function convert2number(str) {\n        str = str.trim();\n        if (str.match(\/^\\d+\/)) {\n            \/\/we have to take special care when the thousand separators are '.'\n            var result_0 = str.replace(\/\\.\/g, '_@_');\n            var result_1 = result_0.replace(window.numFormat[0], '.');\n            var result = result_1.replace(\/_@_\/g, '');\n            result .replace(\/ \/g, '');\n            return result;\n        } else {\n            return str;\n        }\n        \n    }\n    \n}(jQuery));\n\n\n<\/script><\/div><\/div>\n\n\n\n<p><\/p>\n","protected":false},"excerpt":{"rendered":"","protected":false},"author":2,"featured_media":0,"parent":0,"menu_order":0,"comment_status":"closed","ping_status":"closed","template":"","meta":{"footnotes":""},"_links":{"self":[{"href":"https:\/\/hartz4-hindernislauf-eu.free.de\/index.php?rest_route=\/wp\/v2\/pages\/9242"}],"collection":[{"href":"https:\/\/hartz4-hindernislauf-eu.free.de\/index.php?rest_route=\/wp\/v2\/pages"}],"about":[{"href":"https:\/\/hartz4-hindernislauf-eu.free.de\/index.php?rest_route=\/wp\/v2\/types\/page"}],"author":[{"embeddable":true,"href":"https:\/\/hartz4-hindernislauf-eu.free.de\/index.php?rest_route=\/wp\/v2\/users\/2"}],"replies":[{"embeddable":true,"href":"https:\/\/hartz4-hindernislauf-eu.free.de\/index.php?rest_route=%2Fwp%2Fv2%2Fcomments&post=9242"}],"version-history":[{"count":3,"href":"https:\/\/hartz4-hindernislauf-eu.free.de\/index.php?rest_route=\/wp\/v2\/pages\/9242\/revisions"}],"predecessor-version":[{"id":10008,"href":"https:\/\/hartz4-hindernislauf-eu.free.de\/index.php?rest_route=\/wp\/v2\/pages\/9242\/revisions\/10008"}],"wp:attachment":[{"href":"https:\/\/hartz4-hindernislauf-eu.free.de\/index.php?rest_route=%2Fwp%2Fv2%2Fmedia&parent=9242"}],"curies":[{"name":"wp","href":"https:\/\/api.w.org\/{rel}","templated":true}]}}