{"id":8355,"date":"2021-05-24T17:27:24","date_gmt":"2021-05-24T15:27:24","guid":{"rendered":"https:\/\/hartz4-hindernislauf-eu.free.de\/?page_id=8355"},"modified":"2023-03-21T14:30:15","modified_gmt":"2023-03-21T13:30:15","slug":"mach-mit-beim-sozial-forum","status":"publish","type":"page","link":"https:\/\/hartz4-hindernislauf-eu.free.de\/?page_id=8355","title":{"rendered":"Mach mit beim Sozialforum"},"content":{"rendered":"\n<p><\/p>\n\n\n\n<p class=\"has-medium-font-size\">Wenn Du mitmachen willst: Gerne, herzlich willkommen! <\/p>\n\n\n\n<p class=\"has-medium-font-size\">Wir treffen uns regelm\u00e4\u00dfig am ersten Montag im Monat im: <br><em>Taranta Babu, dem Literaturcaf\u00e9 im Dortmunder Klinikvierte<\/em>l, Ecke Wilhelmstr.\/Friedrichstr. (Uhrzeit in den Regel 17 Uhr). <\/p>\n\n\n\n<p class=\"has-medium-font-size\"><strong>Bevor<\/strong> Du zu einem solchen Treffen gehst, <strong>vergewissere Dich<\/strong> aber vorsichtshalber vorher auf der eigentlichen Homepage des Sozialforums, ob es an dem Tag irgendwelche \u00c4nderungen gibt. Siehe <a href=\"http:\/\/agora.free.de\/sofodo\">http:\/\/agora.free.de\/sofodo<\/a>, unter \u00dcberschrift &#8216;mitmachen&#8217;.<\/p>\n\n\n\n<p class=\"has-medium-font-size\">Oder Du nimmst per e-Mail oder brieflich mit uns Kontakt auf. Unsere Mail-Anschrift lautet: <a href=\"mailto:sofodo-postfach@free.de\">sofodo-postfach@free.de<\/a>. Postanschrift s. Impressum.<\/p>\n","protected":false},"excerpt":{"rendered":"<p>Wenn Du mitmachen willst: Gerne, herzlich willkommen! Wir treffen uns regelm\u00e4\u00dfig am ersten Montag im Monat im: Taranta Babu, dem Literaturcaf\u00e9 im Dortmunder Klinikviertel, Ecke Wilhelmstr.\/Friedrichstr. (Uhrzeit in den Regel 17 Uhr). Bevor Du zu einem solchen Treffen gehst, vergewissere Dich aber vorsichtshalber vorher auf der eigentlichen Homepage des Sozialforums, ob es an dem Tag&hellip; <a class=\"more-link\" href=\"https:\/\/hartz4-hindernislauf-eu.free.de\/?page_id=8355\"><span class=\"screen-reader-text\">Mach mit beim Sozialforum<\/span> weiterlesen<\/a><\/p>\n","protected":false},"author":2,"featured_media":0,"parent":0,"menu_order":0,"comment_status":"closed","ping_status":"closed","template":"","meta":{"footnotes":""},"_links":{"self":[{"href":"https:\/\/hartz4-hindernislauf-eu.free.de\/index.php?rest_route=\/wp\/v2\/pages\/8355"}],"collection":[{"href":"https:\/\/hartz4-hindernislauf-eu.free.de\/index.php?rest_route=\/wp\/v2\/pages"}],"about":[{"href":"https:\/\/hartz4-hindernislauf-eu.free.de\/index.php?rest_route=\/wp\/v2\/types\/page"}],"author":[{"embeddable":true,"href":"https:\/\/hartz4-hindernislauf-eu.free.de\/index.php?rest_route=\/wp\/v2\/users\/2"}],"replies":[{"embeddable":true,"href":"https:\/\/hartz4-hindernislauf-eu.free.de\/index.php?rest_route=%2Fwp%2Fv2%2Fcomments&post=8355"}],"version-history":[{"count":10,"href":"https:\/\/hartz4-hindernislauf-eu.free.de\/index.php?rest_route=\/wp\/v2\/pages\/8355\/revisions"}],"predecessor-version":[{"id":10009,"href":"https:\/\/hartz4-hindernislauf-eu.free.de\/index.php?rest_route=\/wp\/v2\/pages\/8355\/revisions\/10009"}],"wp:attachment":[{"href":"https:\/\/hartz4-hindernislauf-eu.free.de\/index.php?rest_route=%2Fwp%2Fv2%2Fmedia&parent=8355"}],"curies":[{"name":"wp","href":"https:\/\/api.w.org\/{rel}","templated":true}]}}