{"id":4400,"date":"2020-04-14T11:05:44","date_gmt":"2020-04-14T09:05:44","guid":{"rendered":"https:\/\/hartz4-hindernislauf-eu.free.de\/?page_id=4400"},"modified":"2021-06-22T17:20:01","modified_gmt":"2021-06-22T15:20:01","slug":"wir-ueber-uns","status":"publish","type":"page","link":"https:\/\/hartz4-hindernislauf-eu.free.de\/?page_id=4400","title":{"rendered":"Wir \u00fcber uns"},"content":{"rendered":"\n<hr class=\"wp-block-separator\"\/>\n\n\n\n<h2 class=\"wp-block-heading\">Das Sozialforum &#8230;.<\/h2>\n\n\n\n<div class=\"wp-block-image\"><figure class=\"aligncenter size-large is-resized\"><img loading=\"lazy\" decoding=\"async\" src=\"https:\/\/hartz4-hindernislauf-eu.free.de\/wp-content\/uploads\/2021\/05\/210505-logo-sofodo.png\" alt=\"\" class=\"wp-image-7797\" width=\"101\" height=\"80\"\/><\/figure><\/div>\n\n\n\n<p class=\"has-medium-font-size\">In Dortmund leben rund 100.000 B\u00fcrger und B\u00fcrgerinnen, das entspricht jedem 6. Einwohner, in oder am Rande von Armut. Und das, obwohl Deutschland nach wie vor als reiches Land gilt. Doch durch die Wirtschafts- und Steuerpolitik der letzten 25 Jahre wird dieser Reichtum immer ungerechter verteilt. W\u00e4hrend die Zahl der Armen \u2013 nicht nur im Ruhrgebiet \u2013 dramatisch zugenommen hat, konzentriert sich das private Verm\u00f6gen in den H\u00e4nden einiger Zehntausend deutscher Haushalte.<\/p>\n\n\n\n<p class=\"has-medium-font-size\">Im Grundgesetz ist die \u201eW\u00fcrde des Menschen\u201c fest verankert. Zu einem Leben in W\u00fcrde geh\u00f6rt u.E. jedoch zuallererst die M\u00f6glichkeit der Teilhabe am Erwerbsleben \u2013 mit menschenw\u00fcrdigen Arbeitsbedingungen, einer existenzsichernden Entlohnung und qualifizierten Ausbildungs-m\u00f6glichkeiten. Wenn die gesellschaftliche Arbeit abnimmt, muss sie gerechter verteilt werden, statt Millionen in prek\u00e4re Arbeitsverh\u00e4ltnisse oder Arbeits\u00adlosigkeit zu schicken. Genauso unverzichtbar sind aber auch verl\u00e4ssliche soziale Sicherungssysteme, die die lohnabh\u00e4ngige Bev\u00f6lkerung bei zentralen Risiken wie Krank\u00adheit, Arbeitslosigkeit und Alter vor dem Weg in die Armut sch\u00fctzen, sowie eine funktio\u00adnierende Gesundheitsversorgung.<\/p>\n\n\n\n<p class=\"has-medium-font-size\">Weil all diese \u2013 eigentlich selbstverst\u00e4ndlichen \u2013 Dinge in den letzten 25 Jahren unter die R\u00e4der des neoliberalen Umbaus gekommen sind, wurde in Dortmund wie auch in vielen anderen St\u00e4dten 2003 ein Sozialforum gegr\u00fcndet, in dem sich Menschen engagieren, die sich mit der Demontage sozialer Errungenschaften nicht abfinden k\u00f6nnen und wollen. Mit Aufkl\u00e4rung und Aktionen streiten wir f\u00fcr eine lebenswerte und solidarische Stadt \u2013 eine Stadt der Teilhabe statt Ausgrenzung.<\/p>\n\n\n\n<hr class=\"wp-block-separator\"\/>\n\n\n\n<p><\/p>\n","protected":false},"excerpt":{"rendered":"<p>Das Sozialforum &#8230;. In Dortmund leben rund 100.000 B\u00fcrger und B\u00fcrgerinnen, das entspricht jedem 6. Einwohner, in oder am Rande von Armut. Und das, obwohl Deutschland nach wie vor als reiches Land gilt. Doch durch die Wirtschafts- und Steuerpolitik der letzten 25 Jahre wird dieser Reichtum immer ungerechter verteilt. W\u00e4hrend die Zahl der Armen \u2013&hellip; <a class=\"more-link\" href=\"https:\/\/hartz4-hindernislauf-eu.free.de\/?page_id=4400\"><span class=\"screen-reader-text\">Wir \u00fcber uns<\/span> weiterlesen<\/a><\/p>\n","protected":false},"author":8,"featured_media":0,"parent":3005,"menu_order":2,"comment_status":"closed","ping_status":"closed","template":"","meta":{"footnotes":""},"_links":{"self":[{"href":"https:\/\/hartz4-hindernislauf-eu.free.de\/index.php?rest_route=\/wp\/v2\/pages\/4400"}],"collection":[{"href":"https:\/\/hartz4-hindernislauf-eu.free.de\/index.php?rest_route=\/wp\/v2\/pages"}],"about":[{"href":"https:\/\/hartz4-hindernislauf-eu.free.de\/index.php?rest_route=\/wp\/v2\/types\/page"}],"author":[{"embeddable":true,"href":"https:\/\/hartz4-hindernislauf-eu.free.de\/index.php?rest_route=\/wp\/v2\/users\/8"}],"replies":[{"embeddable":true,"href":"https:\/\/hartz4-hindernislauf-eu.free.de\/index.php?rest_route=%2Fwp%2Fv2%2Fcomments&post=4400"}],"version-history":[{"count":10,"href":"https:\/\/hartz4-hindernislauf-eu.free.de\/index.php?rest_route=\/wp\/v2\/pages\/4400\/revisions"}],"predecessor-version":[{"id":9573,"href":"https:\/\/hartz4-hindernislauf-eu.free.de\/index.php?rest_route=\/wp\/v2\/pages\/4400\/revisions\/9573"}],"up":[{"embeddable":true,"href":"https:\/\/hartz4-hindernislauf-eu.free.de\/index.php?rest_route=\/wp\/v2\/pages\/3005"}],"wp:attachment":[{"href":"https:\/\/hartz4-hindernislauf-eu.free.de\/index.php?rest_route=%2Fwp%2Fv2%2Fmedia&parent=4400"}],"curies":[{"name":"wp","href":"https:\/\/api.w.org\/{rel}","templated":true}]}}