{"id":2076,"date":"2019-09-13T11:38:01","date_gmt":"2019-09-13T09:38:01","guid":{"rendered":"http:\/\/stadtentwicklung-intern.net\/?page_id=2076"},"modified":"2021-07-08T16:00:35","modified_gmt":"2021-07-08T14:00:35","slug":"spenden","status":"publish","type":"page","link":"https:\/\/hartz4-hindernislauf-eu.free.de\/?page_id=2076","title":{"rendered":"Unterst\u00fctzen Sie uns mit einer Spende"},"content":{"rendered":"\n<p class=\"has-text-align-right\"><\/p>\n\n\n\n<p>F\u00fcr Websiten, Server-Betrieb, Printmedien, Fahrtkosten u.\u00e4. fallen Kosten an, die z.Zt. von wenigen Mitgliedern des Sozialforums und von \u2018free.de\u2019 privat bestritten werden. Auch die Entwicklung dieses virtuellen H\u00fcrdenlaufs (Spiel) war recht aufw\u00e4ndig.<\/p>\n\n\n\n<p>Es w\u00e4re daher sch\u00f6n, wenn Sie unsere Arbeit durch eine Spende unterst\u00fctzen w\u00fcrden.<\/p>\n\n\n\n<p>Spendenkonto:<\/p>\n\n\n\n<p>Inhaber: Helmut Szymanski &#8211; SOFODO<\/p>\n\n\n\n<p>IBAN DE51 4306 0967 4119 3021 01<\/p>\n\n\n\n<p>BIC GENODEM1GLS<\/p>\n\n\n\n<p>Stichwort: Sozialforum \u2013 Mitmachspiel EU-B\u00fcrger<\/p>\n\n\n\n<p class=\"has-text-align-right\"><em>Das Sozialforum bedankt sich herzlich f\u00fcr Ihre Unterst\u00fctzung!<\/em><\/p>\n","protected":false},"excerpt":{"rendered":"<p>F\u00fcr Websiten, Server-Betrieb, Printmedien, Fahrtkosten u.\u00e4. fallen Kosten an, die z.Zt. von wenigen Mitgliedern des Sozialforums und von \u2018free.de\u2019 privat bestritten werden. Auch die Entwicklung dieses virtuellen H\u00fcrdenlaufs (Spiel) war recht aufw\u00e4ndig. Es w\u00e4re daher sch\u00f6n, wenn Sie unsere Arbeit durch eine Spende unterst\u00fctzen w\u00fcrden. Spendenkonto: Inhaber: Helmut Szymanski &#8211; SOFODO IBAN DE51 4306 0967&hellip; <a class=\"more-link\" href=\"https:\/\/hartz4-hindernislauf-eu.free.de\/?page_id=2076\"><span class=\"screen-reader-text\">Unterst\u00fctzen Sie uns mit einer Spende<\/span> weiterlesen<\/a><\/p>\n","protected":false},"author":2,"featured_media":0,"parent":3005,"menu_order":7,"comment_status":"closed","ping_status":"closed","template":"","meta":{"footnotes":""},"_links":{"self":[{"href":"https:\/\/hartz4-hindernislauf-eu.free.de\/index.php?rest_route=\/wp\/v2\/pages\/2076"}],"collection":[{"href":"https:\/\/hartz4-hindernislauf-eu.free.de\/index.php?rest_route=\/wp\/v2\/pages"}],"about":[{"href":"https:\/\/hartz4-hindernislauf-eu.free.de\/index.php?rest_route=\/wp\/v2\/types\/page"}],"author":[{"embeddable":true,"href":"https:\/\/hartz4-hindernislauf-eu.free.de\/index.php?rest_route=\/wp\/v2\/users\/2"}],"replies":[{"embeddable":true,"href":"https:\/\/hartz4-hindernislauf-eu.free.de\/index.php?rest_route=%2Fwp%2Fv2%2Fcomments&post=2076"}],"version-history":[{"count":11,"href":"https:\/\/hartz4-hindernislauf-eu.free.de\/index.php?rest_route=\/wp\/v2\/pages\/2076\/revisions"}],"predecessor-version":[{"id":9453,"href":"https:\/\/hartz4-hindernislauf-eu.free.de\/index.php?rest_route=\/wp\/v2\/pages\/2076\/revisions\/9453"}],"up":[{"embeddable":true,"href":"https:\/\/hartz4-hindernislauf-eu.free.de\/index.php?rest_route=\/wp\/v2\/pages\/3005"}],"wp:attachment":[{"href":"https:\/\/hartz4-hindernislauf-eu.free.de\/index.php?rest_route=%2Fwp%2Fv2%2Fmedia&parent=2076"}],"curies":[{"name":"wp","href":"https:\/\/api.w.org\/{rel}","templated":true}]}}